{"id":1234,"date":"2025-06-05T06:38:00","date_gmt":"2025-06-05T06:38:00","guid":{"rendered":"https:\/\/devdesarrollos.wpenginepowered.com\/?page_id=1234"},"modified":"2025-06-05T06:38:00","modified_gmt":"2025-06-05T06:38:00","slug":"contactoformulario","status":"publish","type":"page","link":"https:\/\/desarrollosustentable.gmexico.com\/en\/contactoformulario\/","title":{"rendered":"Contacto Formulario"},"content":{"rendered":"<div class=\"wpb-content-wrapper\"><p>[vc_row full_width=&#8221;stretch_row_content_no_spaces&#8221; equal_height=&#8221;yes&#8221; css=&#8221;.vc_custom_1757478222126{padding-top: 0px !important;padding-right: 0px !important;padding-bottom: 0px !important;padding-left: 0px !important;background-color: #EFEFEF !important;}&#8221; el_class=&#8221;gm-header-container&#8221;][vc_column width=&#8221;1\/4&#8243; css=&#8221;.vc_custom_1761283809101{padding-top: 15px !important;padding-right: 15px !important;padding-bottom: 15px !important;padding-left: 15px !important;background-color: #0096A9 !important;}&#8221;][vc_column_text css=&#8221;&#8221;]<\/p>\n<div class=\"badge-gm-internal\">\n<div class=\"box-container\"><span class=\"eyebrow\">CONOCE<\/span><span class=\"kicker\">NUESTRA<br \/>\nEMPRESA<\/span><\/div>\n<\/div>\n<p>[\/vc_column_text][\/vc_column][vc_column width=&#8221;3\/4&#8243; css=&#8221;.vc_custom_1761283665242{padding-top: 26px !important;padding-right: 10px !important;padding-bottom: 26px !important;padding-left: 10px !important;background-color: #FFFFFF !important;}&#8221;][vc_column_text css=&#8221;.vc_custom_1760483620299{margin-bottom: 0px !important;}&#8221; el_class=&#8221;subtitle-gm-internal-pages&#8221;]CONTACTO[\/vc_column_text][\/vc_column][\/vc_row][vc_row][vc_column width=&#8221;2\/3&#8243;][vc_empty_space][vc_column_text css=&#8221;&#8221;]Cont\u00e1ctanos a trav\u00e9s de nuestro correo electr\u00f3nico:\u00a0<span class=\"text-blue text text-weight-bold\">contacto@gmexico.mx<\/span><br \/>\nO bien, escribe sobre el tema de tu inter\u00e9s aqu\u00ed:[\/vc_column_text][vc_column_text css=&#8221;&#8221;]\n<div class=\"wpcf7 no-js\" id=\"wpcf7-f1237-o1\" lang=\"es-MX\" dir=\"ltr\" data-wpcf7-id=\"1237\">\n<div class=\"screen-reader-response\"><p role=\"status\" aria-live=\"polite\" aria-atomic=\"true\"><\/p> <ul><\/ul><\/div>\n<form action=\"\/en\/wp-json\/wp\/v2\/pages\/1234#wpcf7-f1237-o1\" method=\"post\" class=\"wpcf7-form init\" aria-label=\"Contact form\" novalidate=\"novalidate\" data-status=\"init\">\n<fieldset class=\"hidden-fields-container\"><input type=\"hidden\" name=\"_wpcf7\" value=\"1237\" \/><input type=\"hidden\" name=\"_wpcf7_version\" value=\"6.1.5\" \/><input type=\"hidden\" name=\"_wpcf7_locale\" value=\"es_MX\" \/><input type=\"hidden\" name=\"_wpcf7_unit_tag\" value=\"wpcf7-f1237-o1\" \/><input type=\"hidden\" name=\"_wpcf7_container_post\" value=\"0\" \/><input type=\"hidden\" name=\"_wpcf7_posted_data_hash\" value=\"\" \/>\n<\/fieldset>\n<div id=\"responsive-form\" class=\"clearfix\">\n\t<div class=\"form-row\">\n\t\t<div class=\"column-half\">\n\t\t\t<p>*EMPRESA: <span class=\"wpcf7-form-control-wrap\" data-name=\"first-name\"><input size=\"40\" maxlength=\"400\" class=\"wpcf7-form-control wpcf7-text wpcf7-validates-as-required\" aria-required=\"true\" aria-invalid=\"false\" value=\"\" type=\"text\" name=\"first-name\" \/><\/span>\n\t\t\t<\/p>\n\t\t<\/div>\n\t\t<div class=\"column-half\">\n\t\t\t<p>*PUESTO: <span class=\"wpcf7-form-control-wrap\" data-name=\"last-name\"><input size=\"40\" maxlength=\"400\" class=\"wpcf7-form-control wpcf7-text wpcf7-validates-as-required\" aria-required=\"true\" aria-invalid=\"false\" value=\"\" type=\"text\" name=\"last-name\" \/><\/span>\n\t\t\t<\/p>\n\t\t<\/div>\n\t<\/div>\n\t<div class=\"form-row\">\n\t\t<div class=\"column-half\">\n\t\t\t<p>*NOMBRE: <span class=\"wpcf7-form-control-wrap\" data-name=\"your-email\"><input size=\"40\" maxlength=\"400\" class=\"wpcf7-form-control wpcf7-email wpcf7-validates-as-required wpcf7-text wpcf7-validates-as-email\" aria-required=\"true\" aria-invalid=\"false\" value=\"\" type=\"email\" name=\"your-email\" \/><\/span>\n\t\t\t<\/p>\n\t\t<\/div>\n\t\t<div class=\"column-half\">\n\t\t\t<p>*APELLIDO: <span class=\"wpcf7-form-control-wrap\" data-name=\"your-phone\"><input size=\"40\" maxlength=\"400\" class=\"wpcf7-form-control wpcf7-text wpcf7-validates-as-required\" aria-required=\"true\" aria-invalid=\"false\" value=\"\" type=\"text\" name=\"your-phone\" \/><\/span>\n\t\t\t<\/p>\n\t\t<\/div>\n\t<\/div>\n\t<div class=\"form-row\">\n\t\t<div class=\"column-full\">\n\t\t\t<p>*CORREO ELECTR\u00d3NICO: <span class=\"wpcf7-form-control-wrap\" data-name=\"email-131\"><input size=\"40\" maxlength=\"400\" class=\"wpcf7-form-control wpcf7-email wpcf7-text wpcf7-validates-as-email\" aria-invalid=\"false\" value=\"\" type=\"email\" name=\"email-131\" \/><\/span>\n\t\t\t<\/p>\n\t\t<\/div>\n\t<\/div>\n\t<div class=\"form-row\">\n\t\t<div class=\"column-full\">\n\t\t\t<p>*MENSAJE: <span class=\"wpcf7-form-control-wrap\" data-name=\"your-message\"><textarea cols=\"40\" rows=\"10\" maxlength=\"2000\" class=\"wpcf7-form-control wpcf7-textarea\" aria-invalid=\"false\" name=\"your-message\"><\/textarea><\/span>\n\t\t\t<\/p>\n\t\t<\/div>\n\t<\/div>\n\t<div class=\"form-row\">\n\t\t<div class=\"column-full\">\n\t\t\t<p>*\u00c1REA DE INTER\u00c9S:<br \/>\n<span class=\"wpcf7-form-control-wrap\" data-name=\"radio-676\"><span class=\"wpcf7-form-control wpcf7-radio\"><span class=\"wpcf7-list-item first\"><label><input type=\"radio\" name=\"radio-676\" value=\"Inversionista \/ Analista\" \/><span class=\"wpcf7-list-item-label\">Inversionista \/ Analista<\/span><\/label><\/span><span class=\"wpcf7-list-item\"><label><input type=\"radio\" name=\"radio-676\" value=\"Cliente\" \/><span class=\"wpcf7-list-item-label\">Cliente<\/span><\/label><\/span><span class=\"wpcf7-list-item\"><label><input type=\"radio\" name=\"radio-676\" value=\"Periodista\" \/><span class=\"wpcf7-list-item-label\">Periodista<\/span><\/label><\/span><span class=\"wpcf7-list-item last\"><label><input type=\"radio\" name=\"radio-676\" value=\"Otro\" \/><span class=\"wpcf7-list-item-label\">Otro<\/span><\/label><\/span><\/span><\/span>\n\t\t\t<\/p>\n\t\t<\/div>\n\t<\/div>\n\t<div class=\"form-row\">\n\t\t<div class=\"column-full\">\n\t\t\t<p><input class=\"wpcf7-form-control wpcf7-submit has-spinner\" type=\"submit\" value=\"Enviar\" \/>\n\t\t\t<\/p>\n\t\t<\/div>\n\t<\/div>\n<\/div><!--end responsive-form--><div class=\"wpcf7-response-output\" aria-hidden=\"true\"><\/div>\n<\/form>\n<\/div>\n[\/vc_column_text][\/vc_column][vc_column width=&#8221;1\/3&#8243;][\/vc_column][\/vc_row][vc_row full_width=&#8221;stretch_row_content&#8221; bg_type=&#8221;bg_color&#8221; bg_color_value=&#8221;#F1EFEF&#8221; css=&#8221;.vc_custom_1752031777634{background-color: #FFFFFF !important;}&#8221;][vc_column css=&#8221;.vc_custom_1761026884925{background-color: #FFFFFF !important;}&#8221;][vc_empty_space][\/vc_column][\/vc_row][vc_row full_width=&#8221;stretch_row_content_no_spaces&#8221;][vc_column width=&#8221;1\/4&#8243; css=&#8221;.vc_custom_1761284762493{margin-top: 0px !important;margin-right: 0px !important;margin-bottom: 0px !important;margin-left: 0px !important;padding-top: 0px !important;padding-right: 0px !important;padding-bottom: 0px !important;padding-left: 0px !important;}&#8221;][vc_single_image image=&#8221;1235&#8243; img_size=&#8221;full&#8221; css=&#8221;.vc_custom_1761284685401{margin-bottom: 0px !important;padding-top: 0px !important;padding-right: 0px !important;padding-bottom: 0px !important;padding-left: 0px !important;}&#8221;][\/vc_column][vc_column width=&#8221;3\/4&#8243; css=&#8221;.vc_custom_1761284547743{background-color: #545859 !important;}&#8221;][vc_column_text css=&#8221;.vc_custom_1761284969815{padding-top: 5px !important;padding-right: 35px !important;padding-bottom: 0px !important;padding-left: 35px !important;}&#8221;]<\/p>\n<h1><span style=\"color: #ffffff\">CONOCE M\u00c1S DE GRUPO M\u00c9XICO<\/span><\/h1>\n<p>[\/vc_column_text][vc_column_text css=&#8221;.vc_custom_1761285675834{margin-top: 0px !important;margin-bottom: 0px !important;padding-top: 0px !important;padding-bottom: 15px !important;padding-left: 35px !important;}&#8221;]<span style=\"color: #ffffff\">Conoce m\u00e1s de Grupo M\u00e9xico en nuestro Canal de Youtube y en redes sociales.<\/span>[\/vc_column_text][\/vc_column][\/vc_row][vc_row][vc_column][vc_empty_space][\/vc_column][\/vc_row]<\/p>\n<\/div>","protected":false},"excerpt":{"rendered":"<p>[vc_row full_width=&#8221;stretch_row_content_no_spaces&#8221; equal_height=&#8221;yes&#8221; css=&#8221;.vc_custom_1757478222126{padding-top: 0px !important;padding-right: 0px !important;padding-bottom: 0px !important;padding-left: 0px !important;background-color: #EFEFEF !important;}&#8221; el_class=&#8221;gm-header-container&#8221;][vc_column width=&#8221;1\/4&#8243; css=&#8221;.vc_custom_1761283809101{padding-top: 15px !important;padding-right: 15px !important;padding-bottom: 15px !important;padding-left: 15px !important;background-color: #0096A9 !important;}&#8221;][vc_column_text css=&#8221;&#8221;] CONOCENUESTRA EMPRESA [\/vc_column_text][\/vc_column][vc_column width=&#8221;3\/4&#8243; css=&#8221;.vc_custom_1761283665242{padding-top: 26px !important;padding-right: 10px !important;padding-bottom: 26px !important;padding-left: 10px !important;background-color: #FFFFFF !important;}&#8221;][vc_column_text css=&#8221;.vc_custom_1760483620299{margin-bottom: 0px !important;}&#8221; el_class=&#8221;subtitle-gm-internal-pages&#8221;]CONTACTO[\/vc_column_text][\/vc_column][\/vc_row][vc_row][vc_column width=&#8221;2\/3&#8243;][vc_empty_space][vc_column_text css=&#8221;&#8221;]Cont\u00e1ctanos a trav\u00e9s de nuestro correo electr\u00f3nico:\u00a0contacto@gmexico.mx&hellip;<\/p>\n","protected":false},"author":4,"featured_media":0,"parent":0,"menu_order":0,"comment_status":"closed","ping_status":"closed","template":"","meta":{"footnotes":""},"class_list":["post-1234","page","type-page","status-publish","hentry","description-off"],"featured_image_src":null,"featured_image_src_square":null,"_links":{"self":[{"href":"https:\/\/desarrollosustentable.gmexico.com\/en\/wp-json\/wp\/v2\/pages\/1234","targetHints":{"allow":["GET"]}}],"collection":[{"href":"https:\/\/desarrollosustentable.gmexico.com\/en\/wp-json\/wp\/v2\/pages"}],"about":[{"href":"https:\/\/desarrollosustentable.gmexico.com\/en\/wp-json\/wp\/v2\/types\/page"}],"author":[{"embeddable":true,"href":"https:\/\/desarrollosustentable.gmexico.com\/en\/wp-json\/wp\/v2\/users\/4"}],"replies":[{"embeddable":true,"href":"https:\/\/desarrollosustentable.gmexico.com\/en\/wp-json\/wp\/v2\/comments?post=1234"}],"version-history":[{"count":0,"href":"https:\/\/desarrollosustentable.gmexico.com\/en\/wp-json\/wp\/v2\/pages\/1234\/revisions"}],"wp:attachment":[{"href":"https:\/\/desarrollosustentable.gmexico.com\/en\/wp-json\/wp\/v2\/media?parent=1234"}],"curies":[{"name":"wp","href":"https:\/\/api.w.org\/{rel}","templated":true}]}}